{"id":531,"date":"2024-02-29T22:11:04","date_gmt":"2024-02-29T22:11:04","guid":{"rendered":"https:\/\/7senses.pt\/pt\/?page_id=531"},"modified":"2024-11-19T10:12:28","modified_gmt":"2024-11-19T10:12:28","slug":"mentoria","status":"publish","type":"page","link":"https:\/\/7senses.pt\/pt\/mentoria\/","title":{"rendered":"Mentoria"},"content":{"rendered":"<p><div class=\"fusion-fullwidth fullwidth-box fusion-builder-row-1 fusion-flex-container nonhundred-percent-fullwidth non-hundred-percent-height-scrolling\" style=\"--awb-border-sizes-top:0px;--awb-border-sizes-bottom:0px;--awb-border-sizes-left:0px;--awb-border-sizes-right:0px;--awb-border-radius-top-left:0px;--awb-border-radius-top-right:0px;--awb-border-radius-bottom-right:0px;--awb-border-radius-bottom-left:0px;--awb-padding-top:100px;--awb-padding-right:30px;--awb-padding-bottom:90px;--awb-padding-left:30px;--awb-padding-top-medium:36px;--awb-padding-bottom-medium:20px;--awb-padding-right-small:60px;--awb-padding-left-small:60px;--awb-margin-top:0px;--awb-margin-bottom:0px;--awb-background-color:var(--awb-color1);--awb-flex-wrap:wrap;\" ><div class=\"fusion-builder-row fusion-row fusion-flex-align-items-flex-start fusion-flex-justify-content-center fusion-flex-content-wrap\" style=\"max-width:1040px;margin-left: calc(-4% \/ 2 );margin-right: calc(-4% \/ 2 );\"><div class=\"fusion-layout-column fusion_builder_column fusion-builder-column-0 fusion_builder_column_3_5 3_5 fusion-flex-column fusion-animated\" style=\"--awb-bg-size:cover;--awb-width-large:60%;--awb-margin-top-large:0px;--awb-spacing-right-large:3.2%;--awb-margin-bottom-large:0px;--awb-spacing-left-large:3.2%;--awb-width-medium:80%;--awb-spacing-right-medium:2.4%;--awb-spacing-left-medium:2.4%;--awb-width-small:100%;--awb-spacing-right-small:1.92%;--awb-margin-bottom-small:32px;--awb-spacing-left-small:1.92%;\" data-animationType=\"fadeInDown\" data-animationDuration=\"1.6\" data-animationOffset=\"top-into-view\"><div class=\"fusion-column-wrapper fusion-column-has-shadow fusion-flex-justify-content-flex-start fusion-content-layout-column\"><div class=\"fusion-title title fusion-title-1 fusion-sep-none fusion-title-center fusion-title-text fusion-title-size-one\" style=\"--awb-text-color:var(--awb-color8);--awb-margin-top:0px;--awb-margin-bottom:20px;\"><h1 class=\"fusion-title-heading title-heading-center fusion-responsive-typography-calculated\" style=\"margin:0;--fontSize:63;line-height:var(--awb-typography1-line-height);\">Racioc\u00ednio Cl\u00ednico \/ Mentoria<\/h1><\/div><div style=\"text-align:center;\"><a class=\"fusion-button button-flat fusion-button-default-size button-custom fusion-button-default button-1 fusion-button-default-span \" style=\"--button_accent_color:var(--awb-color1);--button_accent_hover_color:var(--awb-color1);--button_border_hover_color:var(--awb-color1);--button_border_width-top:0px;--button_border_width-right:0px;--button_border_width-bottom:0px;--button_border_width-left:0px;--button-border-radius-top-left:10px;--button-border-radius-top-right:10px;--button-border-radius-bottom-right:10px;--button-border-radius-bottom-left:10px;--button_gradient_top_color:hsla(var(--awb-color4-h),var(--awb-color4-s),calc(var(--awb-color4-l) - 10%),var(--awb-color4-a));--button_gradient_bottom_color:hsla(var(--awb-color4-h),var(--awb-color4-s),calc(var(--awb-color4-l) - 10%),var(--awb-color4-a));--button_gradient_top_color_hover:var(--awb-color5);--button_gradient_bottom_color_hover:var(--awb-color5);--button_text_transform:var(--awb-typography3-text-transform);--button_font_size:var(--awb-typography3-font-size);--button_line_height:var(--awb-typography3-line-height);--button_padding-top:16px;--button_padding-right:40px;--button_padding-bottom:16px;--button_padding-left:40px;--button_typography-letter-spacing:var(--awb-typography3-letter-spacing);--button_typography-font-family:var(--awb-typography3-font-family);--button_typography-font-weight:var(--awb-typography3-font-weight);--button_typography-font-style:var(--awb-typography3-font-style);\" target=\"_blank\" rel=\"noopener noreferrer\" href=\"https:\/\/7senses.pt\/pt\/inscricao\/\"><span class=\"fusion-button-text\">Inscri\u00e7\u00e3o<\/span><\/a><\/div><\/div><\/div><\/div><\/div><div class=\"fusion-fullwidth fullwidth-box fusion-builder-row-2 fusion-flex-container nonhundred-percent-fullwidth non-hundred-percent-height-scrolling\" style=\"--awb-border-sizes-top:0px;--awb-border-sizes-bottom:0px;--awb-border-sizes-left:0px;--awb-border-sizes-right:0px;--awb-border-radius-top-left:0px;--awb-border-radius-top-right:0px;--awb-border-radius-bottom-right:0px;--awb-border-radius-bottom-left:0px;--awb-padding-top:8%;--awb-padding-right:30px;--awb-padding-bottom:8%;--awb-padding-left:30px;--awb-padding-right-medium:60px;--awb-padding-left-medium:60px;--awb-padding-top-small:90px;--awb-padding-right-small:90px;--awb-padding-bottom-small:90px;--awb-padding-left-small:90px;--awb-margin-top:0px;--awb-margin-bottom:0px;--awb-background-color:var(--awb-color8);--awb-flex-wrap:wrap;\" ><div class=\"fusion-builder-row fusion-row fusion-flex-align-items-center fusion-flex-content-wrap\" style=\"max-width:1040px;margin-left: calc(-4% \/ 2 );margin-right: calc(-4% \/ 2 );\"><div class=\"fusion-layout-column fusion_builder_column fusion-builder-column-1 fusion_builder_column_1_2 1_2 fusion-flex-column fusion-animated\" style=\"--awb-padding-right-medium:54px;--awb-bg-size:cover;--awb-width-large:50%;--awb-margin-top-large:0px;--awb-spacing-right-large:19.2%;--awb-margin-bottom-large:0px;--awb-spacing-left-large:3.84%;--awb-width-medium:50%;--awb-spacing-right-medium:0%;--awb-spacing-left-medium:7.68%;--awb-width-small:100%;--awb-order-small:0;--awb-spacing-right-small:1.92%;--awb-margin-bottom-small:34px;--awb-spacing-left-small:1.92%;\" data-animationType=\"fadeInRight\" data-animationDuration=\"1.6\" data-animationOffset=\"top-into-view\"><div class=\"fusion-column-wrapper fusion-column-has-shadow fusion-flex-justify-content-flex-start fusion-content-layout-column\"><ul style=\"--awb-textcolor:var(--awb-color1);--awb-line-height:27.2px;--awb-icon-width:27.2px;--awb-icon-height:27.2px;--awb-icon-margin:11.2px;--awb-content-margin:38.4px;--awb-circlecolor:var(--awb-color4);--awb-circle-yes-font-size:14.08px;\" class=\"fusion-checklist fusion-checklist-1 fusion-checklist-default type-icons\"><li class=\"fusion-li-item\" style=\"\"><span class=\"icon-wrapper circle-yes\"><i class=\"fusion-li-icon fa-clock fas\" aria-hidden=\"true\"><\/i><\/span><div class=\"fusion-li-item-content\">\n<p>9 horas<\/p>\n<\/div><\/li><li class=\"fusion-li-item\" style=\"\"><span class=\"icon-wrapper circle-yes\"><i class=\"fusion-li-icon fa-calendar-check fas\" aria-hidden=\"true\"><\/i><\/span><div class=\"fusion-li-item-content\">\n<p>Centro de Desenvolvimento 7senses<\/p>\n<\/div><\/li><li class=\"fusion-li-item\" style=\"\"><span class=\"icon-wrapper circle-yes\"><i class=\"fusion-li-icon fa-calendar-alt fas\" aria-hidden=\"true\"><\/i><\/span><div class=\"fusion-li-item-content\">\n<p>2025<\/p>\n<\/div><\/li><li class=\"fusion-li-item\" style=\"\"><span class=\"icon-wrapper circle-yes\"><i class=\"fusion-li-icon fa-user-graduate fas\" aria-hidden=\"true\"><\/i><\/span><div class=\"fusion-li-item-content\">\n<p>Terapeutas Ocupacionais com p\u00f3s gradua\u00e7\u00e3o<\/p>\n<\/div><\/li><li class=\"fusion-li-item\" style=\"\"><span class=\"icon-wrapper circle-yes\"><i class=\"fusion-li-icon fa-chalkboard-teacher fas\" aria-hidden=\"true\"><\/i><\/span><div class=\"fusion-li-item-content\">\n<p>Isabelle Beaudry<\/p>\n<\/div><\/li><li class=\"fusion-li-item\" style=\"\"><span class=\"icon-wrapper circle-yes\"><i class=\"fusion-li-icon fa-euro-sign fas\" aria-hidden=\"true\"><\/i><\/span><div class=\"fusion-li-item-content\">\n<p>180\u20ac (150\u20ac para as 5 primeiras inscri\u00e7\u00f5es)<\/p>\n<\/div><\/li><\/ul><\/div><\/div><div class=\"fusion-layout-column fusion_builder_column fusion-builder-column-2 fusion_builder_column_1_2 1_2 fusion-flex-column fusion-animated\" style=\"--awb-bg-size:cover;--awb-width-large:50%;--awb-margin-top-large:0px;--awb-spacing-right-large:7.68%;--awb-margin-bottom-large:0px;--awb-spacing-left-large:7.68%;--awb-width-medium:50%;--awb-order-medium:0;--awb-spacing-right-medium:7.68%;--awb-spacing-left-medium:7.68%;--awb-width-small:100%;--awb-order-small:0;--awb-spacing-right-small:1.92%;--awb-spacing-left-small:1.92%;\" data-animationType=\"fadeInLeft\" data-animationDuration=\"1.6\" data-animationOffset=\"top-into-view\"><div class=\"fusion-column-wrapper fusion-column-has-shadow fusion-flex-justify-content-center fusion-content-layout-column\"><div class=\"fusion-image-element \" style=\"--awb-caption-title-font-family:var(--h2_typography-font-family);--awb-caption-title-font-weight:var(--h2_typography-font-weight);--awb-caption-title-font-style:var(--h2_typography-font-style);--awb-caption-title-size:var(--h2_typography-font-size);--awb-caption-title-transform:var(--h2_typography-text-transform);--awb-caption-title-line-height:var(--h2_typography-line-height);--awb-caption-title-letter-spacing:var(--h2_typography-letter-spacing);\"><span class=\" fusion-imageframe imageframe-none imageframe-1 hover-type-none\" style=\"border-radius:15px;\"><img decoding=\"async\" width=\"2560\" height=\"1920\" title=\"boy-playing-with-colorful-atoms-game-table\" src=\"https:\/\/7senses.pt\/pt\/wp-content\/uploads\/2024\/02\/boy-playing-with-colorful-atoms-game-table-scaled.jpg\" alt class=\"img-responsive wp-image-355\" srcset=\"https:\/\/7senses.pt\/pt\/wp-content\/uploads\/2024\/02\/boy-playing-with-colorful-atoms-game-table-200x150.jpg 200w, https:\/\/7senses.pt\/pt\/wp-content\/uploads\/2024\/02\/boy-playing-with-colorful-atoms-game-table-400x300.jpg 400w, https:\/\/7senses.pt\/pt\/wp-content\/uploads\/2024\/02\/boy-playing-with-colorful-atoms-game-table-600x450.jpg 600w, https:\/\/7senses.pt\/pt\/wp-content\/uploads\/2024\/02\/boy-playing-with-colorful-atoms-game-table-800x600.jpg 800w, https:\/\/7senses.pt\/pt\/wp-content\/uploads\/2024\/02\/boy-playing-with-colorful-atoms-game-table-1200x900.jpg 1200w, https:\/\/7senses.pt\/pt\/wp-content\/uploads\/2024\/02\/boy-playing-with-colorful-atoms-game-table-scaled.jpg 2560w\" sizes=\"(max-width: 640px) 100vw, 600px\" \/><\/span><\/div><\/div><\/div><\/div><\/div><div class=\"fusion-fullwidth fullwidth-box fusion-builder-row-3 fusion-flex-container has-pattern-background has-mask-background nonhundred-percent-fullwidth non-hundred-percent-height-scrolling\" style=\"--link_hover_color: #f25534;--link_color: #040d16;--awb-border-radius-top-left:0px;--awb-border-radius-top-right:0px;--awb-border-radius-bottom-right:0px;--awb-border-radius-bottom-left:0px;--awb-padding-top:96px;--awb-padding-bottom:96px;--awb-background-color:var(--awb-color2);--awb-flex-wrap:wrap;\" ><div class=\"fusion-builder-row fusion-row fusion-flex-align-items-center fusion-flex-justify-content-center fusion-flex-content-wrap\" style=\"max-width:1040px;margin-left: calc(-4% \/ 2 );margin-right: calc(-4% \/ 2 );\"><div class=\"fusion-layout-column fusion_builder_column fusion-builder-column-3 fusion_builder_column_1_1 1_1 fusion-flex-column\" style=\"--awb-bg-size:cover;--awb-border-color:#dce0e3;--awb-border-bottom:1px;--awb-border-style:dashed;--awb-transform:translateY(0px);--awb-transform-hover:translateY(-15px);--awb-width-large:100%;--awb-margin-top-large:0px;--awb-spacing-right-large:1.92%;--awb-margin-bottom-large:30px;--awb-spacing-left-large:1.92%;--awb-width-medium:100%;--awb-order-medium:0;--awb-spacing-right-medium:1.92%;--awb-spacing-left-medium:1.92%;--awb-width-small:100%;--awb-order-small:0;--awb-spacing-right-small:1.92%;--awb-spacing-left-small:1.92%;\"><div class=\"fusion-column-wrapper fusion-column-has-shadow fusion-flex-justify-content-flex-start fusion-content-layout-column\"><div class=\"fusion-builder-row fusion-builder-row-inner fusion-row fusion-flex-align-items-center fusion-flex-justify-content-center fusion-flex-content-wrap\" style=\"width:104% !important;max-width:104% !important;margin-left: calc(-4% \/ 2 );margin-right: calc(-4% \/ 2 );\"><div class=\"fusion-layout-column fusion_builder_column_inner fusion-builder-nested-column-0 fusion-flex-column fusion-flex-align-self-stretch\" style=\"--awb-bg-size:cover;--awb-width-large:10%;--awb-margin-top-large:0px;--awb-spacing-right-large:0px;--awb-margin-bottom-large:20px;--awb-spacing-left-large:19.2%;--awb-width-medium:10%;--awb-order-medium:0;--awb-spacing-right-medium:19.2%;--awb-spacing-left-medium:19.2%;--awb-width-small:100%;--awb-order-small:0;--awb-spacing-right-small:1.92%;--awb-spacing-left-small:1.92%;\"><div class=\"fusion-column-wrapper fusion-column-has-shadow fusion-flex-justify-content-flex-start fusion-content-layout-column\"><a class=\"fb-icon-element-1 fb-icon-element fontawesome-icon icon-accountant-menu circle-yes fusion-text-flow fusion-link\" style=\"--awb-iconcolor:#f25534;--awb-iconcolor-hover:#ffffff;--awb-circlecolor:#f5f7f9;--awb-circlecolor-hover:#f5f7f9;--awb-circlebordercolor-hover:var(--awb-color8);--awb-circlebordersize:0px;--awb-font-size:42.24px;--awb-width:84.48px;--awb-height:84.48px;--awb-line-height:84.48px;--awb-border-radius-top-l:24px;--awb-border-radius-top-r:24px;--awb-border-radius-bot-r:24px;--awb-border-radius-bot-l:24px;--awb-margin-right:24px;--awb-sm-align-self:center;\" href=\"#\" aria-label=\"Link to #\" target=\"_self\"><\/a><\/div><\/div><div class=\"fusion-layout-column fusion_builder_column_inner fusion-builder-nested-column-1 fusion_builder_column_inner_3_5 3_5 fusion-flex-column fusion-flex-align-self-stretch\" style=\"--awb-bg-size:cover;--awb-width-large:60%;--awb-margin-top-large:0px;--awb-spacing-right-large:0%;--awb-margin-bottom-large:20px;--awb-spacing-left-large:3.2%;--awb-width-medium:60%;--awb-order-medium:0;--awb-spacing-right-medium:0%;--awb-spacing-left-medium:6.4%;--awb-width-small:100%;--awb-order-small:0;--awb-spacing-right-small:1.92%;--awb-spacing-left-small:1.92%;\"><div class=\"fusion-column-wrapper fusion-column-has-shadow fusion-flex-justify-content-flex-start fusion-content-layout-column\"><div class=\"fusion-title title fusion-title-2 fusion-sep-none fusion-title-text fusion-title-size-three\" style=\"--awb-text-color:#040d16;--awb-margin-top:12px;--awb-margin-bottom:12px;--awb-font-size:20px;\"><h3 class=\"fusion-title-heading title-heading-left sm-text-align-center\" style=\"font-family:&quot;Manrope&quot;;font-style:normal;font-weight:500;margin:0;font-size:1em;letter-spacing:0.015em;text-transform:var(--awb-typography2-text-transform);line-height:1.4em;\">Descri\u00e7\u00e3o<\/h3><\/div><div class=\"fusion-text fusion-text-1 sm-text-align-center\" style=\"--awb-font-size:18px;--awb-line-height:1.64em;--awb-letter-spacing:0.02em;--awb-text-transform:var(--awb-typography4-text-transform);--awb-text-color:#3c4451;--awb-text-font-family:&quot;Manrope&quot;;--awb-text-font-style:normal;--awb-text-font-weight:400;\"><p>Este curso, de 9 horas, destina-se exclusivamente a terapeutas ocupacionais com forma\u00e7\u00e3o pr\u00e9via na abordagem da integra\u00e7\u00e3o sensorial (teoria, avalia\u00e7\u00e3o e tratamento). Para frequentar o curso \u00e9 necess\u00e1rio ter avaliado, a partir da abordagem de integra\u00e7\u00e3o sensorial, pelo menos uma crian\u00e7a com problemas de desenvolvimento ou participa\u00e7\u00e3o nas suas AVD.<\/p>\n<p>A inscri\u00e7\u00e3o no curso est\u00e1 limitada a 12 participantes de forma a conseguir garantir a qualidade e vertente pr\u00e1tica desta forma\u00e7\u00e3o.<\/p>\n<p>Doze participantes selecionados pelo diretor do curso podem vir preparados para apresentar um caso cl\u00ednico apoiado por uma apresenta\u00e7\u00e3o do DDDM (PPt) que inclui uma pequena grava\u00e7\u00e3o em v\u00eddeo do paciente (AVD, avalia\u00e7\u00e3o ou tratamento). Cada participante que apresentar um caso ter\u00e1 cerca de 15 minutos para a apresenta\u00e7\u00e3o e 15 minutos para a discuss\u00e3o do seu caso. \u00c9 um curso que permite a participa\u00e7\u00e3o ativa dos alunos e \u00e9 essencialmente dedicado ao exerc\u00edcio profissional. Todos os participantes s\u00e3o convidados a participar nas discuss\u00f5es.<\/p>\n<\/div><\/div><\/div><\/div><\/div><\/div><div class=\"fusion-layout-column fusion_builder_column fusion-builder-column-4 fusion_builder_column_1_1 1_1 fusion-flex-column\" style=\"--awb-bg-size:cover;--awb-border-color:#dce0e3;--awb-border-bottom:1px;--awb-border-style:dashed;--awb-transform:translateY(0px);--awb-transform-hover:translateY(-12px);--awb-width-large:100%;--awb-margin-top-large:0px;--awb-spacing-right-large:1.92%;--awb-margin-bottom-large:20px;--awb-spacing-left-large:1.92%;--awb-width-medium:100%;--awb-order-medium:0;--awb-spacing-right-medium:1.92%;--awb-spacing-left-medium:1.92%;--awb-width-small:100%;--awb-order-small:0;--awb-spacing-right-small:1.92%;--awb-spacing-left-small:1.92%;\"><div class=\"fusion-column-wrapper fusion-column-has-shadow fusion-flex-justify-content-flex-start fusion-content-layout-column\"><div class=\"fusion-builder-row fusion-builder-row-inner fusion-row fusion-flex-align-items-center fusion-flex-justify-content-center fusion-flex-content-wrap\" style=\"width:104% !important;max-width:104% !important;margin-left: calc(-4% \/ 2 );margin-right: calc(-4% \/ 2 );\"><div class=\"fusion-layout-column fusion_builder_column_inner fusion-builder-nested-column-2 fusion-flex-column fusion-flex-align-self-stretch\" style=\"--awb-bg-size:cover;--awb-width-large:10%;--awb-margin-top-large:0px;--awb-spacing-right-large:0px;--awb-margin-bottom-large:20px;--awb-spacing-left-large:19.2%;--awb-width-medium:10%;--awb-order-medium:0;--awb-spacing-right-medium:19.2%;--awb-spacing-left-medium:19.2%;--awb-width-small:100%;--awb-order-small:0;--awb-spacing-right-small:1.92%;--awb-spacing-left-small:1.92%;\"><div class=\"fusion-column-wrapper fusion-column-has-shadow fusion-flex-justify-content-flex-start fusion-content-layout-column\"><a class=\"fb-icon-element-2 fb-icon-element fontawesome-icon fa-book-open fas circle-yes fusion-text-flow fusion-link\" style=\"--awb-iconcolor:#f25534;--awb-iconcolor-hover:#ffffff;--awb-circlecolor:#f5f7f9;--awb-circlecolor-hover:#f5f7f9;--awb-circlebordercolor-hover:var(--awb-color8);--awb-circlebordersize:0px;--awb-font-size:42.24px;--awb-width:84.48px;--awb-height:84.48px;--awb-line-height:84.48px;--awb-border-radius-top-l:24px;--awb-border-radius-top-r:24px;--awb-border-radius-bot-r:24px;--awb-border-radius-bot-l:24px;--awb-margin-right:24px;--awb-sm-align-self:center;\" href=\"#\" aria-label=\"Link to #\" target=\"_self\"><\/a><\/div><\/div><div class=\"fusion-layout-column fusion_builder_column_inner fusion-builder-nested-column-3 fusion_builder_column_inner_3_5 3_5 fusion-flex-column fusion-flex-align-self-stretch\" style=\"--awb-bg-size:cover;--awb-width-large:60%;--awb-margin-top-large:0px;--awb-spacing-right-large:0%;--awb-margin-bottom-large:20px;--awb-spacing-left-large:3.2%;--awb-width-medium:60%;--awb-order-medium:0;--awb-spacing-right-medium:0%;--awb-spacing-left-medium:6.4%;--awb-width-small:100%;--awb-order-small:0;--awb-spacing-right-small:1.92%;--awb-spacing-left-small:1.92%;\"><div class=\"fusion-column-wrapper fusion-column-has-shadow fusion-flex-justify-content-flex-start fusion-content-layout-column\"><div class=\"fusion-title title fusion-title-3 fusion-sep-none fusion-title-text fusion-title-size-three\" style=\"--awb-text-color:#040d16;--awb-margin-top:12px;--awb-margin-bottom:12px;--awb-font-size:20px;\"><h3 class=\"fusion-title-heading title-heading-left sm-text-align-center\" style=\"font-family:&quot;Manrope&quot;;font-style:normal;font-weight:500;margin:0;font-size:1em;letter-spacing:0.015em;text-transform:var(--awb-typography2-text-transform);line-height:1.4em;\">Programa<\/h3><\/div><div class=\"fusion-text fusion-text-2 sm-text-align-center\" style=\"--awb-font-size:18px;--awb-line-height:1.64em;--awb-letter-spacing:0.02em;--awb-text-transform:var(--awb-typography4-text-transform);--awb-text-color:#3c4451;--awb-text-font-family:&quot;Manrope&quot;;--awb-text-font-style:normal;--awb-text-font-weight:400;\"><p><strong>S\u00e1bado: das 14h30 \u00e0s 19h30<\/strong><\/p>\n<p><span style=\"color: var(--awb-text-color); font-family: var(--awb-text-font-family); font-size: var(--awb-font-size); font-style: var(--awb-text-font-style); font-weight: var(--awb-text-font-weight); letter-spacing: var(--awb-letter-spacing); text-align: var(--awb-content-alignment); text-transform: var(--awb-text-transform); background-color: var(--awb-bg-color-hover);\">&#8211; Em que baseamos as nossas decis\u00f5es cl\u00ednicas?<\/span><\/p>\n<p>&#8211; An\u00e1lise de casos do professor<\/p>\n<p>&#8211; An\u00e1lise de casos dos participantes (modelo PPT do professor deve ser usado para preparar o caso cl\u00ednico)<\/p>\n<p>&#8211; Casos pr\u00e1ticos com crian\u00e7a em sala com a Doutora Isabelle Beaudry<\/p>\n<p><strong>Domingo: das 9h00 \u00e0s 13h00<\/strong><\/p>\n<p>&#8211; An\u00e1lise de casos dos participantes<\/p>\n<p>&#8211; Casos pr\u00e1ticos com crian\u00e7a em sala com a Doutora Isabelle Beaudry<\/p>\n<\/div><\/div><\/div><\/div><\/div><\/div><\/div><\/div><\/p>\n","protected":false},"excerpt":{"rendered":"","protected":false},"author":1,"featured_media":0,"parent":0,"menu_order":0,"comment_status":"closed","ping_status":"closed","template":"100-width.php","meta":{"footnotes":""},"class_list":["post-531","page","type-page","status-publish","hentry"],"_links":{"self":[{"href":"https:\/\/7senses.pt\/pt\/wp-json\/wp\/v2\/pages\/531","targetHints":{"allow":["GET"]}}],"collection":[{"href":"https:\/\/7senses.pt\/pt\/wp-json\/wp\/v2\/pages"}],"about":[{"href":"https:\/\/7senses.pt\/pt\/wp-json\/wp\/v2\/types\/page"}],"author":[{"embeddable":true,"href":"https:\/\/7senses.pt\/pt\/wp-json\/wp\/v2\/users\/1"}],"replies":[{"embeddable":true,"href":"https:\/\/7senses.pt\/pt\/wp-json\/wp\/v2\/comments?post=531"}],"version-history":[{"count":34,"href":"https:\/\/7senses.pt\/pt\/wp-json\/wp\/v2\/pages\/531\/revisions"}],"predecessor-version":[{"id":703,"href":"https:\/\/7senses.pt\/pt\/wp-json\/wp\/v2\/pages\/531\/revisions\/703"}],"wp:attachment":[{"href":"https:\/\/7senses.pt\/pt\/wp-json\/wp\/v2\/media?parent=531"}],"curies":[{"name":"wp","href":"https:\/\/api.w.org\/{rel}","templated":true}]}}