{"id":549,"date":"2024-02-29T23:16:31","date_gmt":"2024-02-29T23:16:31","guid":{"rendered":"https:\/\/7senses.pt\/pt\/?page_id=549"},"modified":"2025-01-23T22:07:48","modified_gmt":"2025-01-23T22:07:48","slug":"easi","status":"publish","type":"page","link":"https:\/\/7senses.pt\/pt\/easi\/","title":{"rendered":"EASI"},"content":{"rendered":"<p><div class=\"fusion-fullwidth fullwidth-box fusion-builder-row-1 fusion-flex-container nonhundred-percent-fullwidth non-hundred-percent-height-scrolling\" style=\"--awb-border-sizes-top:0px;--awb-border-sizes-bottom:0px;--awb-border-sizes-left:0px;--awb-border-sizes-right:0px;--awb-border-radius-top-left:0px;--awb-border-radius-top-right:0px;--awb-border-radius-bottom-right:0px;--awb-border-radius-bottom-left:0px;--awb-padding-top:100px;--awb-padding-right:30px;--awb-padding-bottom:90px;--awb-padding-left:30px;--awb-padding-top-medium:36px;--awb-padding-bottom-medium:20px;--awb-padding-right-small:60px;--awb-padding-left-small:60px;--awb-margin-top:0px;--awb-margin-bottom:0px;--awb-background-color:var(--awb-color1);--awb-flex-wrap:wrap;\" ><div class=\"fusion-builder-row fusion-row fusion-flex-align-items-flex-start fusion-flex-justify-content-center fusion-flex-content-wrap\" style=\"max-width:1040px;margin-left: calc(-4% \/ 2 );margin-right: calc(-4% \/ 2 );\"><div class=\"fusion-layout-column fusion_builder_column fusion-builder-column-0 fusion_builder_column_3_5 3_5 fusion-flex-column fusion-animated\" style=\"--awb-bg-size:cover;--awb-width-large:60%;--awb-margin-top-large:0px;--awb-spacing-right-large:3.2%;--awb-margin-bottom-large:0px;--awb-spacing-left-large:3.2%;--awb-width-medium:80%;--awb-spacing-right-medium:2.4%;--awb-spacing-left-medium:2.4%;--awb-width-small:100%;--awb-spacing-right-small:1.92%;--awb-margin-bottom-small:32px;--awb-spacing-left-small:1.92%;\" data-animationType=\"fadeInDown\" data-animationDuration=\"1.6\" data-animationOffset=\"top-into-view\"><div class=\"fusion-column-wrapper fusion-column-has-shadow fusion-flex-justify-content-flex-start fusion-content-layout-column\"><div class=\"fusion-title title fusion-title-1 fusion-sep-none fusion-title-center fusion-title-text fusion-title-size-one\" style=\"--awb-text-color:var(--awb-color8);--awb-margin-top:0px;--awb-margin-bottom:20px;\"><h1 class=\"fusion-title-heading title-heading-center\" style=\"margin:0;\">Actualiza\u00e7\u00e3o EASI+SPM<\/h1><\/div><div style=\"text-align:center;\"><a class=\"fusion-button button-flat fusion-button-default-size button-custom fusion-button-default button-1 fusion-button-default-span \" style=\"--button_accent_color:var(--awb-color1);--button_accent_hover_color:var(--awb-color1);--button_border_hover_color:var(--awb-color1);--button_border_width-top:0px;--button_border_width-right:0px;--button_border_width-bottom:0px;--button_border_width-left:0px;--button-border-radius-top-left:10px;--button-border-radius-top-right:10px;--button-border-radius-bottom-right:10px;--button-border-radius-bottom-left:10px;--button_gradient_top_color:hsla(var(--awb-color4-h),var(--awb-color4-s),calc(var(--awb-color4-l) - 10%),var(--awb-color4-a));--button_gradient_bottom_color:hsla(var(--awb-color4-h),var(--awb-color4-s),calc(var(--awb-color4-l) - 10%),var(--awb-color4-a));--button_gradient_top_color_hover:var(--awb-color5);--button_gradient_bottom_color_hover:var(--awb-color5);--button_text_transform:var(--awb-typography3-text-transform);--button_font_size:var(--awb-typography3-font-size);--button_line_height:var(--awb-typography3-line-height);--button_padding-top:16px;--button_padding-right:40px;--button_padding-bottom:16px;--button_padding-left:40px;--button_typography-letter-spacing:var(--awb-typography3-letter-spacing);--button_typography-font-family:var(--awb-typography3-font-family);--button_typography-font-weight:var(--awb-typography3-font-weight);--button_typography-font-style:var(--awb-typography3-font-style);\" target=\"_blank\" rel=\"noopener noreferrer\" href=\"https:\/\/7senses.pt\/pt\/inscricao\/\"><span class=\"fusion-button-text\">Inscri\u00e7\u00e3o<\/span><\/a><\/div><\/div><\/div><\/div><\/div><div class=\"fusion-fullwidth fullwidth-box fusion-builder-row-2 fusion-flex-container nonhundred-percent-fullwidth non-hundred-percent-height-scrolling\" style=\"--awb-border-sizes-top:0px;--awb-border-sizes-bottom:0px;--awb-border-sizes-left:0px;--awb-border-sizes-right:0px;--awb-border-radius-top-left:0px;--awb-border-radius-top-right:0px;--awb-border-radius-bottom-right:0px;--awb-border-radius-bottom-left:0px;--awb-padding-top:8%;--awb-padding-right:30px;--awb-padding-bottom:8%;--awb-padding-left:30px;--awb-padding-right-medium:60px;--awb-padding-left-medium:60px;--awb-padding-top-small:90px;--awb-padding-right-small:90px;--awb-padding-bottom-small:90px;--awb-padding-left-small:90px;--awb-margin-top:0px;--awb-margin-bottom:0px;--awb-background-color:var(--awb-color8);--awb-flex-wrap:wrap;\" ><div class=\"fusion-builder-row fusion-row fusion-flex-align-items-center fusion-flex-content-wrap\" style=\"max-width:1040px;margin-left: calc(-4% \/ 2 );margin-right: calc(-4% \/ 2 );\"><div class=\"fusion-layout-column fusion_builder_column fusion-builder-column-1 fusion_builder_column_1_2 1_2 fusion-flex-column fusion-animated\" style=\"--awb-padding-right-medium:54px;--awb-bg-size:cover;--awb-width-large:50%;--awb-margin-top-large:0px;--awb-spacing-right-large:19.2%;--awb-margin-bottom-large:0px;--awb-spacing-left-large:3.84%;--awb-width-medium:50%;--awb-spacing-right-medium:0%;--awb-spacing-left-medium:7.68%;--awb-width-small:100%;--awb-order-small:0;--awb-spacing-right-small:1.92%;--awb-margin-bottom-small:34px;--awb-spacing-left-small:1.92%;\" data-animationType=\"fadeInRight\" data-animationDuration=\"1.6\" data-animationOffset=\"top-into-view\"><div class=\"fusion-column-wrapper fusion-column-has-shadow fusion-flex-justify-content-flex-start fusion-content-layout-column\"><ul style=\"--awb-textcolor:var(--awb-color1);--awb-line-height:27.2px;--awb-icon-width:27.2px;--awb-icon-height:27.2px;--awb-icon-margin:11.2px;--awb-content-margin:38.4px;--awb-circlecolor:var(--awb-color4);--awb-circle-yes-font-size:14.08px;\" class=\"fusion-checklist fusion-checklist-1 fusion-checklist-default type-icons\"><li class=\"fusion-li-item\" style=\"\"><span class=\"icon-wrapper circle-yes\"><i class=\"fusion-li-icon fa-clock fas\" aria-hidden=\"true\"><\/i><\/span><div class=\"fusion-li-item-content\">\n<p>28 horas<\/p>\n<\/div><\/li><li class=\"fusion-li-item\" style=\"\"><span class=\"icon-wrapper circle-yes\"><i class=\"fusion-li-icon fa-calendar-check fas\" aria-hidden=\"true\"><\/i><\/span><div class=\"fusion-li-item-content\">\n<p>Centro de Forma\u00e7\u00e3o 7senses<\/p>\n<\/div><\/li><li class=\"fusion-li-item\" style=\"\"><span class=\"icon-wrapper circle-yes\"><i class=\"fusion-li-icon fa-calendar-alt fas\" aria-hidden=\"true\"><\/i><\/span><div class=\"fusion-li-item-content\">\n<p>1 &#8211; 4 maio de 2025<\/p>\n<\/div><\/li><li class=\"fusion-li-item\" style=\"\"><span class=\"icon-wrapper circle-yes\"><i class=\"fusion-li-icon fa-user-graduate fas\" aria-hidden=\"true\"><\/i><\/span><div class=\"fusion-li-item-content\">\n<p>Terapeutas Ocupacionais com p\u00f3s gradua\u00e7\u00e3o<\/p>\n<\/div><\/li><li class=\"fusion-li-item\" style=\"\"><span class=\"icon-wrapper circle-yes\"><i class=\"fusion-li-icon fa-chalkboard-teacher fas\" aria-hidden=\"true\"><\/i><\/span><div class=\"fusion-li-item-content\">\n<p>Paulo Fernandes<\/p>\n<\/div><\/li><li class=\"fusion-li-item\" style=\"\"><span class=\"icon-wrapper circle-yes\"><i class=\"fusion-li-icon fa-euro-sign fas\" aria-hidden=\"true\"><\/i><\/span><div class=\"fusion-li-item-content\">\n<p>800 \u20ac<\/p>\n<\/div><\/li><\/ul><\/div><\/div><div class=\"fusion-layout-column fusion_builder_column fusion-builder-column-2 fusion_builder_column_1_2 1_2 fusion-flex-column fusion-animated\" style=\"--awb-bg-size:cover;--awb-width-large:50%;--awb-margin-top-large:0px;--awb-spacing-right-large:7.68%;--awb-margin-bottom-large:0px;--awb-spacing-left-large:7.68%;--awb-width-medium:50%;--awb-order-medium:0;--awb-spacing-right-medium:7.68%;--awb-spacing-left-medium:7.68%;--awb-width-small:100%;--awb-order-small:0;--awb-spacing-right-small:1.92%;--awb-spacing-left-small:1.92%;\" data-animationType=\"fadeInLeft\" data-animationDuration=\"1.6\" data-animationOffset=\"top-into-view\"><div class=\"fusion-column-wrapper fusion-column-has-shadow fusion-flex-justify-content-center fusion-content-layout-column\"><div class=\"fusion-image-element \" style=\"--awb-caption-title-font-family:var(--h2_typography-font-family);--awb-caption-title-font-weight:var(--h2_typography-font-weight);--awb-caption-title-font-style:var(--h2_typography-font-style);--awb-caption-title-size:var(--h2_typography-font-size);--awb-caption-title-transform:var(--h2_typography-text-transform);--awb-caption-title-line-height:var(--h2_typography-line-height);--awb-caption-title-letter-spacing:var(--h2_typography-letter-spacing);\"><span class=\" fusion-imageframe imageframe-none imageframe-1 hover-type-none\" style=\"border-radius:15px;\"><img decoding=\"async\" width=\"1078\" height=\"718\" title=\"Introdut\u00f3rio\" src=\"https:\/\/7senses.pt\/pt\/wp-content\/uploads\/2024\/02\/Introdutorio.png\" alt class=\"img-responsive wp-image-379\" srcset=\"https:\/\/7senses.pt\/pt\/wp-content\/uploads\/2024\/02\/Introdutorio-200x133.png 200w, https:\/\/7senses.pt\/pt\/wp-content\/uploads\/2024\/02\/Introdutorio-400x266.png 400w, https:\/\/7senses.pt\/pt\/wp-content\/uploads\/2024\/02\/Introdutorio-600x400.png 600w, https:\/\/7senses.pt\/pt\/wp-content\/uploads\/2024\/02\/Introdutorio-800x533.png 800w, https:\/\/7senses.pt\/pt\/wp-content\/uploads\/2024\/02\/Introdutorio.png 1078w\" sizes=\"(max-width: 640px) 100vw, 600px\" \/><\/span><\/div><\/div><\/div><\/div><\/div><div class=\"fusion-fullwidth fullwidth-box fusion-builder-row-3 fusion-flex-container has-pattern-background has-mask-background nonhundred-percent-fullwidth non-hundred-percent-height-scrolling\" style=\"--link_hover_color: #f25534;--link_color: #040d16;--awb-border-radius-top-left:0px;--awb-border-radius-top-right:0px;--awb-border-radius-bottom-right:0px;--awb-border-radius-bottom-left:0px;--awb-padding-top:96px;--awb-padding-bottom:96px;--awb-background-color:var(--awb-color2);--awb-flex-wrap:wrap;\" ><div class=\"fusion-builder-row fusion-row fusion-flex-align-items-center fusion-flex-justify-content-center fusion-flex-content-wrap\" style=\"max-width:1040px;margin-left: calc(-4% \/ 2 );margin-right: calc(-4% \/ 2 );\"><div class=\"fusion-layout-column fusion_builder_column fusion-builder-column-3 fusion_builder_column_1_1 1_1 fusion-flex-column fusion-column-inner-bg-wrapper\" style=\"--awb-inner-bg-size:cover;--awb-border-color:#dce0e3;--awb-border-bottom:1px;--awb-border-style:dashed;--awb-transform:translateY(0px);--awb-transform-hover:translateY(-15px);--awb-width-large:100%;--awb-margin-top-large:0px;--awb-spacing-right-large:1.92%;--awb-margin-bottom-large:30px;--awb-spacing-left-large:1.92%;--awb-width-medium:100%;--awb-order-medium:0;--awb-spacing-right-medium:1.92%;--awb-spacing-left-medium:1.92%;--awb-width-small:100%;--awb-order-small:0;--awb-spacing-right-small:1.92%;--awb-spacing-left-small:1.92%;\"><span class=\"fusion-column-inner-bg hover-type-none\"><a class=\"fusion-column-anchor\" href=\"#\"><span class=\"fusion-column-inner-bg-image\"><\/span><\/a><\/span><div class=\"fusion-column-wrapper fusion-column-has-shadow fusion-flex-justify-content-flex-start fusion-content-layout-column\"><div class=\"fusion-builder-row fusion-builder-row-inner fusion-row fusion-flex-align-items-center fusion-flex-justify-content-center fusion-flex-content-wrap\" style=\"width:104% !important;max-width:104% !important;margin-left: calc(-4% \/ 2 );margin-right: calc(-4% \/ 2 );\"><div class=\"fusion-layout-column fusion_builder_column_inner fusion-builder-nested-column-0 fusion-flex-column fusion-flex-align-self-stretch\" style=\"--awb-bg-size:cover;--awb-width-large:10%;--awb-margin-top-large:0px;--awb-spacing-right-large:0px;--awb-margin-bottom-large:20px;--awb-spacing-left-large:19.2%;--awb-width-medium:10%;--awb-order-medium:0;--awb-spacing-right-medium:19.2%;--awb-spacing-left-medium:19.2%;--awb-width-small:100%;--awb-order-small:0;--awb-spacing-right-small:1.92%;--awb-spacing-left-small:1.92%;\"><div class=\"fusion-column-wrapper fusion-column-has-shadow fusion-flex-justify-content-flex-start fusion-content-layout-column\"><a class=\"fb-icon-element-1 fb-icon-element fontawesome-icon icon-accountant-menu circle-yes fusion-text-flow fusion-link\" style=\"--awb-iconcolor:#f25534;--awb-iconcolor-hover:#ffffff;--awb-circlecolor:#f5f7f9;--awb-circlecolor-hover:#f5f7f9;--awb-circlebordercolor-hover:var(--awb-color8);--awb-circlebordersize:0px;--awb-font-size:42.24px;--awb-width:84.48px;--awb-height:84.48px;--awb-line-height:84.48px;--awb-border-radius-top-l:24px;--awb-border-radius-top-r:24px;--awb-border-radius-bot-r:24px;--awb-border-radius-bot-l:24px;--awb-margin-right:24px;--awb-sm-align-self:center;\" href=\"#\" aria-label=\"Link to #\" target=\"_self\"><\/a><\/div><\/div><div class=\"fusion-layout-column fusion_builder_column_inner fusion-builder-nested-column-1 fusion_builder_column_inner_3_5 3_5 fusion-flex-column fusion-flex-align-self-stretch\" style=\"--awb-bg-size:cover;--awb-width-large:60%;--awb-margin-top-large:0px;--awb-spacing-right-large:0%;--awb-margin-bottom-large:20px;--awb-spacing-left-large:3.2%;--awb-width-medium:60%;--awb-order-medium:0;--awb-spacing-right-medium:0%;--awb-spacing-left-medium:6.4%;--awb-width-small:100%;--awb-order-small:0;--awb-spacing-right-small:1.92%;--awb-spacing-left-small:1.92%;\"><div class=\"fusion-column-wrapper fusion-column-has-shadow fusion-flex-justify-content-flex-start fusion-content-layout-column\"><div class=\"fusion-title title fusion-title-2 fusion-sep-none fusion-title-text fusion-title-size-three\" style=\"--awb-text-color:#040d16;--awb-margin-top:12px;--awb-margin-bottom:12px;--awb-font-size:20px;\"><h3 class=\"fusion-title-heading title-heading-left sm-text-align-center\" style=\"font-family:&quot;Manrope&quot;;font-style:normal;font-weight:500;margin:0;font-size:1em;letter-spacing:0.015em;text-transform:var(--awb-typography2-text-transform);line-height:1.4em;\">Descri\u00e7\u00e3o<\/h3><\/div><div class=\"fusion-text fusion-text-1 sm-text-align-center\" style=\"--awb-font-size:18px;--awb-line-height:1.64em;--awb-letter-spacing:0.02em;--awb-text-transform:var(--awb-typography4-text-transform);--awb-text-color:#3c4451;--awb-text-font-family:&quot;Manrope&quot;;--awb-text-font-style:normal;--awb-text-font-weight:400;\"><p>O EASI\u00ae \u00e9 uma nova ferramenta de avalia\u00e7\u00e3o diagn\u00f3stica e descritiva, baseada no trabalho de Jean Ayres, que foi desenvolvida para avaliar as fun\u00e7\u00f5es-chave da integra\u00e7\u00e3o sensorial. O EASI foi desenvolvido em resposta \u00e0 necessidade de uma avalia\u00e7\u00e3o acess\u00edvel e econ\u00f3mica; globalmente relevante; fi\u00e1vel e v\u00e1lida da fun\u00e7\u00e3o de integra\u00e7\u00e3o sensorial; que \u00e9 padronizada e referenciada por normas para uso internacional (Mailloux, Parham, Smith Roley, Ruzzano, &amp; Schaaf, 2018). A influ\u00eancia da cultura, da l\u00edngua, da compreens\u00e3o e da experi\u00eancia pr\u00e9via foi minimizada tanto quanto poss\u00edvel e o EASI tem normas baseadas no desempenho de crian\u00e7as a n\u00edvel internacional. As normas preliminares baseiam-se em 2300 crian\u00e7as internacionais e j\u00e1 est\u00e3o dispon\u00edveis, enquanto as normas finais basear-se-\u00e3o em 6500-7000 crian\u00e7as de mais de 60 pa\u00edses. Portugal fez parte do processo de Recolha de Dados Normativos Internacionais, o que significa que uma amostra representativa das nossas crian\u00e7as est\u00e1 inclu\u00edda nas normas, o que faz com que seja um teste muito mais justo e apropriado para as crian\u00e7as portuguesas.<\/p>\n<\/div><\/div><\/div><\/div><\/div><\/div><div class=\"fusion-layout-column fusion_builder_column fusion-builder-column-4 fusion_builder_column_1_1 1_1 fusion-flex-column fusion-column-inner-bg-wrapper\" style=\"--awb-inner-bg-size:cover;--awb-border-color:#dce0e3;--awb-border-bottom:1px;--awb-border-style:dashed;--awb-transform:translateY(0px);--awb-transform-hover:translateY(-12px);--awb-width-large:100%;--awb-margin-top-large:0px;--awb-spacing-right-large:1.92%;--awb-margin-bottom-large:30px;--awb-spacing-left-large:1.92%;--awb-width-medium:100%;--awb-order-medium:0;--awb-spacing-right-medium:1.92%;--awb-spacing-left-medium:1.92%;--awb-width-small:100%;--awb-order-small:0;--awb-spacing-right-small:1.92%;--awb-spacing-left-small:1.92%;\"><span class=\"fusion-column-inner-bg hover-type-none\"><a class=\"fusion-column-anchor\" href=\"#\"><span class=\"fusion-column-inner-bg-image\"><\/span><\/a><\/span><div class=\"fusion-column-wrapper fusion-column-has-shadow fusion-flex-justify-content-flex-start fusion-content-layout-column\"><div class=\"fusion-builder-row fusion-builder-row-inner fusion-row fusion-flex-align-items-center fusion-flex-justify-content-center fusion-flex-content-wrap\" style=\"width:104% !important;max-width:104% !important;margin-left: calc(-4% \/ 2 );margin-right: calc(-4% \/ 2 );\"><div class=\"fusion-layout-column fusion_builder_column_inner fusion-builder-nested-column-2 fusion-flex-column fusion-flex-align-self-stretch\" style=\"--awb-bg-size:cover;--awb-width-large:10%;--awb-margin-top-large:0px;--awb-spacing-right-large:0px;--awb-margin-bottom-large:20px;--awb-spacing-left-large:19.2%;--awb-width-medium:10%;--awb-order-medium:0;--awb-spacing-right-medium:19.2%;--awb-spacing-left-medium:19.2%;--awb-width-small:100%;--awb-order-small:0;--awb-spacing-right-small:1.92%;--awb-spacing-left-small:1.92%;\"><div class=\"fusion-column-wrapper fusion-column-has-shadow fusion-flex-justify-content-flex-start fusion-content-layout-column\"><a class=\"fb-icon-element-2 fb-icon-element fontawesome-icon fa-bullseye fas circle-yes fusion-text-flow fusion-link\" style=\"--awb-iconcolor:#f25534;--awb-iconcolor-hover:#ffffff;--awb-circlecolor:#f5f7f9;--awb-circlecolor-hover:#f5f7f9;--awb-circlebordercolor-hover:var(--awb-color8);--awb-circlebordersize:0px;--awb-font-size:42.24px;--awb-width:84.48px;--awb-height:84.48px;--awb-line-height:84.48px;--awb-border-radius-top-l:24px;--awb-border-radius-top-r:24px;--awb-border-radius-bot-r:24px;--awb-border-radius-bot-l:24px;--awb-margin-right:24px;--awb-sm-align-self:center;\" href=\"#\" aria-label=\"Link to #\" target=\"_self\"><\/a><\/div><\/div><div class=\"fusion-layout-column fusion_builder_column_inner fusion-builder-nested-column-3 fusion_builder_column_inner_3_5 3_5 fusion-flex-column fusion-flex-align-self-stretch\" style=\"--awb-bg-size:cover;--awb-width-large:60%;--awb-margin-top-large:0px;--awb-spacing-right-large:0%;--awb-margin-bottom-large:20px;--awb-spacing-left-large:3.2%;--awb-width-medium:60%;--awb-order-medium:0;--awb-spacing-right-medium:0%;--awb-spacing-left-medium:6.4%;--awb-width-small:100%;--awb-order-small:0;--awb-spacing-right-small:1.92%;--awb-spacing-left-small:1.92%;\"><div class=\"fusion-column-wrapper fusion-column-has-shadow fusion-flex-justify-content-flex-start fusion-content-layout-column\"><div class=\"fusion-title title fusion-title-3 fusion-sep-none fusion-title-text fusion-title-size-three\" style=\"--awb-text-color:#040d16;--awb-margin-top:12px;--awb-margin-bottom:12px;--awb-font-size:20px;\"><h3 class=\"fusion-title-heading title-heading-left sm-text-align-center\" style=\"font-family:&quot;Manrope&quot;;font-style:normal;font-weight:500;margin:0;font-size:1em;letter-spacing:0.015em;text-transform:var(--awb-typography2-text-transform);line-height:1.4em;\">Objectivos<\/h3><\/div><div class=\"fusion-text fusion-text-2 sm-text-align-center\" style=\"--awb-font-size:18px;--awb-line-height:1.64em;--awb-letter-spacing:0.02em;--awb-text-transform:var(--awb-typography4-text-transform);--awb-text-color:#3c4451;--awb-text-font-family:&quot;Manrope&quot;;--awb-text-font-style:normal;--awb-text-font-weight:400;\"><p>Ap\u00f3s o curso, os participantes ser\u00e3o capazes de:<\/p>\n<ul>\n<li>Descrever um plano de avalia\u00e7\u00e3o para um cliente<\/li>\n<li>Descrever as avalia\u00e7\u00f5es apropriadas para avaliar os construtos ASI em todas as \u00e1reas<\/li>\n<li>Analise a for\u00e7a psicom\u00e9trica das avalia\u00e7\u00f5es<\/li>\n<li>Administre de forma confi\u00e1vel o EASI, SIPT e SPM<\/li>\n<li>Compreender os construtos testados por medidas sensoriais<\/li>\n<li>Projetar observa\u00e7\u00f5es cl\u00ednicas de constru\u00e7\u00f5es de integra\u00e7\u00e3o sensorial quando medidas padronizadas n\u00e3o forem poss\u00edveis<\/li>\n<li>Demonstrar compet\u00eancia na aplica\u00e7\u00e3o de observa\u00e7\u00f5es cl\u00ednicas baseadas em ASI<\/li>\n<li>Identificar se um relat\u00f3rio de avalia\u00e7\u00e3o atende ao padr\u00e3o para elementos estruturais da Medida de Fidelidade de Interven\u00e7\u00e3o ASI<\/li>\n<\/ul>\n<\/div><\/div><\/div><\/div><\/div><\/div><div class=\"fusion-layout-column fusion_builder_column fusion-builder-column-5 fusion_builder_column_1_1 1_1 fusion-flex-column fusion-column-inner-bg-wrapper\" style=\"--awb-inner-bg-size:cover;--awb-border-color:#dce0e3;--awb-border-bottom:1px;--awb-border-style:dashed;--awb-transform:translateY(0px);--awb-transform-hover:translateY(-12px);--awb-width-large:100%;--awb-margin-top-large:0px;--awb-spacing-right-large:1.92%;--awb-margin-bottom-large:20px;--awb-spacing-left-large:1.92%;--awb-width-medium:100%;--awb-order-medium:0;--awb-spacing-right-medium:1.92%;--awb-spacing-left-medium:1.92%;--awb-width-small:100%;--awb-order-small:0;--awb-spacing-right-small:1.92%;--awb-spacing-left-small:1.92%;\"><span class=\"fusion-column-inner-bg hover-type-none\"><a class=\"fusion-column-anchor\" href=\"#\"><span class=\"fusion-column-inner-bg-image\"><\/span><\/a><\/span><div class=\"fusion-column-wrapper fusion-column-has-shadow fusion-flex-justify-content-flex-start fusion-content-layout-column\"><div class=\"fusion-builder-row fusion-builder-row-inner fusion-row fusion-flex-align-items-center fusion-flex-justify-content-center fusion-flex-content-wrap\" style=\"width:104% !important;max-width:104% !important;margin-left: calc(-4% \/ 2 );margin-right: calc(-4% \/ 2 );\"><div class=\"fusion-layout-column fusion_builder_column_inner fusion-builder-nested-column-4 fusion-flex-column fusion-flex-align-self-stretch\" style=\"--awb-bg-size:cover;--awb-width-large:10%;--awb-margin-top-large:0px;--awb-spacing-right-large:0px;--awb-margin-bottom-large:20px;--awb-spacing-left-large:19.2%;--awb-width-medium:10%;--awb-order-medium:0;--awb-spacing-right-medium:19.2%;--awb-spacing-left-medium:19.2%;--awb-width-small:100%;--awb-order-small:0;--awb-spacing-right-small:1.92%;--awb-spacing-left-small:1.92%;\"><div class=\"fusion-column-wrapper fusion-column-has-shadow fusion-flex-justify-content-flex-start fusion-content-layout-column\"><a class=\"fb-icon-element-3 fb-icon-element fontawesome-icon fa-book-open fas circle-yes fusion-text-flow fusion-link\" style=\"--awb-iconcolor:#f25534;--awb-iconcolor-hover:#ffffff;--awb-circlecolor:#f5f7f9;--awb-circlecolor-hover:#f5f7f9;--awb-circlebordercolor-hover:var(--awb-color8);--awb-circlebordersize:0px;--awb-font-size:42.24px;--awb-width:84.48px;--awb-height:84.48px;--awb-line-height:84.48px;--awb-border-radius-top-l:24px;--awb-border-radius-top-r:24px;--awb-border-radius-bot-r:24px;--awb-border-radius-bot-l:24px;--awb-margin-right:24px;--awb-sm-align-self:center;\" href=\"#\" aria-label=\"Link to #\" target=\"_self\"><\/a><\/div><\/div><div class=\"fusion-layout-column fusion_builder_column_inner fusion-builder-nested-column-5 fusion_builder_column_inner_3_5 3_5 fusion-flex-column fusion-flex-align-self-stretch\" style=\"--awb-bg-size:cover;--awb-width-large:60%;--awb-margin-top-large:0px;--awb-spacing-right-large:0%;--awb-margin-bottom-large:20px;--awb-spacing-left-large:3.2%;--awb-width-medium:60%;--awb-order-medium:0;--awb-spacing-right-medium:0%;--awb-spacing-left-medium:6.4%;--awb-width-small:100%;--awb-order-small:0;--awb-spacing-right-small:1.92%;--awb-spacing-left-small:1.92%;\"><div class=\"fusion-column-wrapper fusion-column-has-shadow fusion-flex-justify-content-flex-start fusion-content-layout-column\"><div class=\"fusion-title title fusion-title-4 fusion-sep-none fusion-title-text fusion-title-size-three\" style=\"--awb-text-color:#040d16;--awb-margin-top:12px;--awb-margin-bottom:12px;--awb-font-size:20px;\"><h3 class=\"fusion-title-heading title-heading-left sm-text-align-center\" style=\"font-family:&quot;Manrope&quot;;font-style:normal;font-weight:500;margin:0;font-size:1em;letter-spacing:0.015em;text-transform:var(--awb-typography2-text-transform);line-height:1.4em;\">Programa<\/h3><\/div><div class=\"fusion-text fusion-text-3 sm-text-align-center\" style=\"--awb-font-size:18px;--awb-line-height:1.64em;--awb-letter-spacing:0.02em;--awb-text-transform:var(--awb-typography4-text-transform);--awb-text-color:#3c4451;--awb-text-font-family:&quot;Manrope&quot;;--awb-text-font-style:normal;--awb-text-font-weight:400;\"><p>A forma\u00e7\u00e3o \u00e9 composta por 2 modulos. Um primeiro online com 20 li\u00e7\u00f5es pr\u00e9-gravadas, elaboradas pela Dr.A Zoe Mailloux, uma das autoras do instrumento.&nbsp;<\/p>\n<p>Um segundo presencial, em 2 fins de semana. Este m\u00f3dulo fornece pr\u00e1tica e revis\u00e3o de todos os aspetos da integra\u00e7\u00e3o sensorial e pr\u00e1xis com uma variedade de avalia\u00e7\u00f5es que foram introduzidas no m\u00f3dulo anterior. Os participantes ter\u00e3o a oportunidade de esclarecer quaisquer d\u00favidas que tenham sobre as informa\u00e7\u00f5es apresentadas em a instru\u00e7\u00e3o on-line, praticar a administra\u00e7\u00e3o da avalia\u00e7\u00e3o e pontua\u00e7\u00e3o com os colegas e, quando poss\u00edvel, praticar as avalia\u00e7\u00f5es com as crian\u00e7as trazidas para o curso.<\/p>\n<\/div><\/div><\/div><\/div><\/div><\/div><\/div><\/div><\/p>\n","protected":false},"excerpt":{"rendered":"","protected":false},"author":1,"featured_media":0,"parent":0,"menu_order":0,"comment_status":"closed","ping_status":"closed","template":"100-width.php","meta":{"footnotes":""},"class_list":["post-549","page","type-page","status-publish","hentry"],"_links":{"self":[{"href":"https:\/\/7senses.pt\/pt\/wp-json\/wp\/v2\/pages\/549","targetHints":{"allow":["GET"]}}],"collection":[{"href":"https:\/\/7senses.pt\/pt\/wp-json\/wp\/v2\/pages"}],"about":[{"href":"https:\/\/7senses.pt\/pt\/wp-json\/wp\/v2\/types\/page"}],"author":[{"embeddable":true,"href":"https:\/\/7senses.pt\/pt\/wp-json\/wp\/v2\/users\/1"}],"replies":[{"embeddable":true,"href":"https:\/\/7senses.pt\/pt\/wp-json\/wp\/v2\/comments?post=549"}],"version-history":[{"count":19,"href":"https:\/\/7senses.pt\/pt\/wp-json\/wp\/v2\/pages\/549\/revisions"}],"predecessor-version":[{"id":720,"href":"https:\/\/7senses.pt\/pt\/wp-json\/wp\/v2\/pages\/549\/revisions\/720"}],"wp:attachment":[{"href":"https:\/\/7senses.pt\/pt\/wp-json\/wp\/v2\/media?parent=549"}],"curies":[{"name":"wp","href":"https:\/\/api.w.org\/{rel}","templated":true}]}}