{"id":553,"date":"2024-03-01T13:22:27","date_gmt":"2024-03-01T13:22:27","guid":{"rendered":"https:\/\/7senses.pt\/pt\/?page_id=553"},"modified":"2025-10-02T20:26:19","modified_gmt":"2025-10-02T20:26:19","slug":"formacao_inicial","status":"publish","type":"page","link":"https:\/\/7senses.pt\/pt\/formacao_inicial\/","title":{"rendered":"Forma\u00e7\u00e3o Inicial"},"content":{"rendered":"<p><div class=\"fusion-fullwidth fullwidth-box fusion-builder-row-1 fusion-flex-container nonhundred-percent-fullwidth non-hundred-percent-height-scrolling\" style=\"--awb-border-sizes-top:0px;--awb-border-sizes-bottom:0px;--awb-border-sizes-left:0px;--awb-border-sizes-right:0px;--awb-border-radius-top-left:0px;--awb-border-radius-top-right:0px;--awb-border-radius-bottom-right:0px;--awb-border-radius-bottom-left:0px;--awb-padding-top:100px;--awb-padding-right:30px;--awb-padding-bottom:90px;--awb-padding-left:30px;--awb-padding-top-medium:36px;--awb-padding-bottom-medium:20px;--awb-padding-right-small:60px;--awb-padding-left-small:60px;--awb-margin-top:0px;--awb-margin-bottom:0px;--awb-background-color:var(--awb-color1);--awb-flex-wrap:wrap;\" ><div class=\"fusion-builder-row fusion-row fusion-flex-align-items-flex-start fusion-flex-justify-content-center fusion-flex-content-wrap\" style=\"max-width:1040px;margin-left: calc(-4% \/ 2 );margin-right: calc(-4% \/ 2 );\"><div class=\"fusion-layout-column fusion_builder_column fusion-builder-column-0 fusion_builder_column_3_5 3_5 fusion-flex-column fusion-animated\" style=\"--awb-bg-size:cover;--awb-width-large:60%;--awb-margin-top-large:0px;--awb-spacing-right-large:3.2%;--awb-margin-bottom-large:0px;--awb-spacing-left-large:3.2%;--awb-width-medium:80%;--awb-spacing-right-medium:2.4%;--awb-spacing-left-medium:2.4%;--awb-width-small:100%;--awb-spacing-right-small:1.92%;--awb-margin-bottom-small:32px;--awb-spacing-left-small:1.92%;\" data-animationType=\"fadeInDown\" data-animationDuration=\"1.6\" data-animationOffset=\"top-into-view\"><div class=\"fusion-column-wrapper fusion-column-has-shadow fusion-flex-justify-content-flex-start fusion-content-layout-column\"><div class=\"fusion-title title fusion-title-1 fusion-sep-none fusion-title-center fusion-title-text fusion-title-size-one\" style=\"--awb-text-color:var(--awb-color8);--awb-margin-top:0px;--awb-margin-bottom:20px;\"><h1 class=\"fusion-title-heading title-heading-center\" style=\"margin:0;\">Forma\u00e7\u00e3o Inicial em Integra\u00e7\u00e3o Sensorial<\/h1><\/div><div style=\"text-align:center;\"><a class=\"fusion-button button-flat fusion-button-default-size button-custom fusion-button-default button-1 fusion-button-default-span \" style=\"--button_accent_color:var(--awb-color1);--button_accent_hover_color:var(--awb-color1);--button_border_hover_color:var(--awb-color1);--button_border_width-top:0px;--button_border_width-right:0px;--button_border_width-bottom:0px;--button_border_width-left:0px;--button-border-radius-top-left:10px;--button-border-radius-top-right:10px;--button-border-radius-bottom-right:10px;--button-border-radius-bottom-left:10px;--button_gradient_top_color:hsla(var(--awb-color4-h),var(--awb-color4-s),calc(var(--awb-color4-l) - 10%),var(--awb-color4-a));--button_gradient_bottom_color:hsla(var(--awb-color4-h),var(--awb-color4-s),calc(var(--awb-color4-l) - 10%),var(--awb-color4-a));--button_gradient_top_color_hover:var(--awb-color5);--button_gradient_bottom_color_hover:var(--awb-color5);--button_text_transform:var(--awb-typography3-text-transform);--button_font_size:var(--awb-typography3-font-size);--button_line_height:var(--awb-typography3-line-height);--button_padding-top:16px;--button_padding-right:40px;--button_padding-bottom:16px;--button_padding-left:40px;--button_typography-letter-spacing:var(--awb-typography3-letter-spacing);--button_typography-font-family:var(--awb-typography3-font-family);--button_typography-font-weight:var(--awb-typography3-font-weight);--button_typography-font-style:var(--awb-typography3-font-style);\" target=\"_blank\" rel=\"noopener noreferrer\" href=\"https:\/\/7senses.pt\/pt\/inscricao\/\"><span class=\"fusion-button-text\">Inscri\u00e7\u00e3o<\/span><\/a><\/div><\/div><\/div><\/div><\/div><div class=\"fusion-fullwidth fullwidth-box fusion-builder-row-2 fusion-flex-container nonhundred-percent-fullwidth non-hundred-percent-height-scrolling\" style=\"--awb-border-sizes-top:0px;--awb-border-sizes-bottom:0px;--awb-border-sizes-left:0px;--awb-border-sizes-right:0px;--awb-border-radius-top-left:0px;--awb-border-radius-top-right:0px;--awb-border-radius-bottom-right:0px;--awb-border-radius-bottom-left:0px;--awb-padding-top:8%;--awb-padding-right:30px;--awb-padding-bottom:8%;--awb-padding-left:30px;--awb-padding-right-medium:60px;--awb-padding-left-medium:60px;--awb-padding-top-small:90px;--awb-padding-right-small:90px;--awb-padding-bottom-small:90px;--awb-padding-left-small:90px;--awb-margin-top:0px;--awb-margin-bottom:0px;--awb-background-color:var(--awb-color8);--awb-flex-wrap:wrap;\" ><div class=\"fusion-builder-row fusion-row fusion-flex-align-items-center fusion-flex-content-wrap\" style=\"max-width:1040px;margin-left: calc(-4% \/ 2 );margin-right: calc(-4% \/ 2 );\"><div class=\"fusion-layout-column fusion_builder_column fusion-builder-column-1 fusion_builder_column_1_2 1_2 fusion-flex-column fusion-animated\" style=\"--awb-padding-right-medium:54px;--awb-bg-size:cover;--awb-width-large:50%;--awb-margin-top-large:0px;--awb-spacing-right-large:19.2%;--awb-margin-bottom-large:0px;--awb-spacing-left-large:3.84%;--awb-width-medium:50%;--awb-spacing-right-medium:0%;--awb-spacing-left-medium:7.68%;--awb-width-small:100%;--awb-order-small:0;--awb-spacing-right-small:1.92%;--awb-margin-bottom-small:34px;--awb-spacing-left-small:1.92%;\" data-animationType=\"fadeInRight\" data-animationDuration=\"1.6\" data-animationOffset=\"top-into-view\"><div class=\"fusion-column-wrapper fusion-column-has-shadow fusion-flex-justify-content-flex-start fusion-content-layout-column\"><ul style=\"--awb-textcolor:var(--awb-color1);--awb-line-height:27.2px;--awb-icon-width:27.2px;--awb-icon-height:27.2px;--awb-icon-margin:11.2px;--awb-content-margin:38.4px;--awb-circlecolor:var(--awb-color4);--awb-circle-yes-font-size:14.08px;\" class=\"fusion-checklist fusion-checklist-1 fusion-checklist-default type-icons\"><li class=\"fusion-li-item\" style=\"\"><span class=\"icon-wrapper circle-yes\"><i class=\"fusion-li-icon fa-clock fas\" aria-hidden=\"true\"><\/i><\/span><div class=\"fusion-li-item-content\">\n<p>14 horas<\/p>\n<\/div><\/li><li class=\"fusion-li-item\" style=\"\"><span class=\"icon-wrapper circle-yes\"><i class=\"fusion-li-icon fa-user-graduate fas\" aria-hidden=\"true\"><\/i><\/span><div class=\"fusion-li-item-content\">Terapeutas Ocupacionais, Terapeutas da Fala, Pais, Professores, Educadores<\/div><\/li><li class=\"fusion-li-item\" style=\"\"><span class=\"icon-wrapper circle-yes\"><i class=\"fusion-li-icon fa-chalkboard-teacher fas\" aria-hidden=\"true\"><\/i><\/span><div class=\"fusion-li-item-content\">\n<p>Patr\u00edcia Begedas \/ Susana Pereira<\/p>\n<\/div><\/li><li class=\"fusion-li-item\" style=\"\"><span class=\"icon-wrapper circle-yes\"><i class=\"fusion-li-icon fa-euro-sign fas\" aria-hidden=\"true\"><\/i><\/span><div class=\"fusion-li-item-content\">\n<p>75 \u20ac<\/p>\n<\/div><\/li><\/ul><\/div><\/div><div class=\"fusion-layout-column fusion_builder_column fusion-builder-column-2 fusion_builder_column_1_2 1_2 fusion-flex-column fusion-animated\" style=\"--awb-bg-size:cover;--awb-width-large:50%;--awb-margin-top-large:0px;--awb-spacing-right-large:7.68%;--awb-margin-bottom-large:0px;--awb-spacing-left-large:7.68%;--awb-width-medium:50%;--awb-order-medium:0;--awb-spacing-right-medium:7.68%;--awb-spacing-left-medium:7.68%;--awb-width-small:100%;--awb-order-small:0;--awb-spacing-right-small:1.92%;--awb-spacing-left-small:1.92%;\" data-animationType=\"fadeInLeft\" data-animationDuration=\"1.6\" data-animationOffset=\"top-into-view\"><div class=\"fusion-column-wrapper fusion-column-has-shadow fusion-flex-justify-content-center fusion-content-layout-column\"><div class=\"fusion-image-element \" style=\"--awb-caption-title-font-family:var(--h2_typography-font-family);--awb-caption-title-font-weight:var(--h2_typography-font-weight);--awb-caption-title-font-style:var(--h2_typography-font-style);--awb-caption-title-size:var(--h2_typography-font-size);--awb-caption-title-transform:var(--h2_typography-text-transform);--awb-caption-title-line-height:var(--h2_typography-line-height);--awb-caption-title-letter-spacing:var(--h2_typography-letter-spacing);\"><span class=\" fusion-imageframe imageframe-none imageframe-1 hover-type-none\" style=\"border-radius:15px;\"><img decoding=\"async\" width=\"1067\" height=\"667\" title=\"Forma\u00e7\u00e3o Inicial_Prancheta 1\" src=\"https:\/\/7senses.pt\/pt\/wp-content\/uploads\/2024\/02\/Formacao-Inicial_Prancheta-1.png\" alt class=\"img-responsive wp-image-221\" srcset=\"https:\/\/7senses.pt\/pt\/wp-content\/uploads\/2024\/02\/Formacao-Inicial_Prancheta-1-200x125.png 200w, https:\/\/7senses.pt\/pt\/wp-content\/uploads\/2024\/02\/Formacao-Inicial_Prancheta-1-400x250.png 400w, https:\/\/7senses.pt\/pt\/wp-content\/uploads\/2024\/02\/Formacao-Inicial_Prancheta-1-600x375.png 600w, https:\/\/7senses.pt\/pt\/wp-content\/uploads\/2024\/02\/Formacao-Inicial_Prancheta-1-800x500.png 800w, https:\/\/7senses.pt\/pt\/wp-content\/uploads\/2024\/02\/Formacao-Inicial_Prancheta-1.png 1067w\" sizes=\"(max-width: 640px) 100vw, 600px\" \/><\/span><\/div><\/div><\/div><\/div><\/div><div class=\"fusion-fullwidth fullwidth-box fusion-builder-row-3 fusion-flex-container has-pattern-background has-mask-background nonhundred-percent-fullwidth non-hundred-percent-height-scrolling\" style=\"--link_hover_color: #f25534;--link_color: #040d16;--awb-border-radius-top-left:0px;--awb-border-radius-top-right:0px;--awb-border-radius-bottom-right:0px;--awb-border-radius-bottom-left:0px;--awb-padding-top:96px;--awb-padding-bottom:96px;--awb-background-color:var(--awb-color2);--awb-flex-wrap:wrap;\" ><div class=\"fusion-builder-row fusion-row fusion-flex-align-items-center fusion-flex-justify-content-center fusion-flex-content-wrap\" style=\"max-width:1040px;margin-left: calc(-4% \/ 2 );margin-right: calc(-4% \/ 2 );\"><div class=\"fusion-layout-column fusion_builder_column fusion-builder-column-3 fusion_builder_column_1_1 1_1 fusion-flex-column fusion-column-inner-bg-wrapper\" style=\"--awb-inner-bg-size:cover;--awb-border-color:#dce0e3;--awb-border-bottom:1px;--awb-border-style:dashed;--awb-transform:translateY(0px);--awb-transform-hover:translateY(-15px);--awb-width-large:100%;--awb-margin-top-large:0px;--awb-spacing-right-large:1.92%;--awb-margin-bottom-large:30px;--awb-spacing-left-large:1.92%;--awb-width-medium:100%;--awb-order-medium:0;--awb-spacing-right-medium:1.92%;--awb-spacing-left-medium:1.92%;--awb-width-small:100%;--awb-order-small:0;--awb-spacing-right-small:1.92%;--awb-spacing-left-small:1.92%;\"><span class=\"fusion-column-inner-bg hover-type-none\"><a class=\"fusion-column-anchor\" href=\"#\"><span class=\"fusion-column-inner-bg-image\"><\/span><\/a><\/span><div class=\"fusion-column-wrapper fusion-column-has-shadow fusion-flex-justify-content-flex-start fusion-content-layout-column\"><div class=\"fusion-builder-row fusion-builder-row-inner fusion-row fusion-flex-align-items-center fusion-flex-justify-content-center fusion-flex-content-wrap\" style=\"width:104% !important;max-width:104% !important;margin-left: calc(-4% \/ 2 );margin-right: calc(-4% \/ 2 );\"><div class=\"fusion-layout-column fusion_builder_column_inner fusion-builder-nested-column-0 fusion-flex-column fusion-flex-align-self-stretch\" style=\"--awb-bg-size:cover;--awb-width-large:10%;--awb-margin-top-large:0px;--awb-spacing-right-large:0px;--awb-margin-bottom-large:20px;--awb-spacing-left-large:19.2%;--awb-width-medium:10%;--awb-order-medium:0;--awb-spacing-right-medium:19.2%;--awb-spacing-left-medium:19.2%;--awb-width-small:100%;--awb-order-small:0;--awb-spacing-right-small:1.92%;--awb-spacing-left-small:1.92%;\"><div class=\"fusion-column-wrapper fusion-column-has-shadow fusion-flex-justify-content-flex-start fusion-content-layout-column\"><a class=\"fb-icon-element-1 fb-icon-element fontawesome-icon icon-accountant-menu circle-yes fusion-text-flow fusion-link\" style=\"--awb-iconcolor:#f25534;--awb-iconcolor-hover:#ffffff;--awb-circlecolor:#f5f7f9;--awb-circlecolor-hover:#f5f7f9;--awb-circlebordercolor-hover:var(--awb-color8);--awb-circlebordersize:0px;--awb-font-size:42.24px;--awb-width:84.48px;--awb-height:84.48px;--awb-line-height:84.48px;--awb-border-radius-top-l:24px;--awb-border-radius-top-r:24px;--awb-border-radius-bot-r:24px;--awb-border-radius-bot-l:24px;--awb-margin-right:24px;--awb-sm-align-self:center;\" href=\"#\" aria-label=\"Link to #\" target=\"_self\"><\/a><\/div><\/div><div class=\"fusion-layout-column fusion_builder_column_inner fusion-builder-nested-column-1 fusion_builder_column_inner_3_5 3_5 fusion-flex-column fusion-flex-align-self-stretch\" style=\"--awb-bg-size:cover;--awb-width-large:60%;--awb-margin-top-large:0px;--awb-spacing-right-large:0%;--awb-margin-bottom-large:20px;--awb-spacing-left-large:3.2%;--awb-width-medium:60%;--awb-order-medium:0;--awb-spacing-right-medium:0%;--awb-spacing-left-medium:6.4%;--awb-width-small:100%;--awb-order-small:0;--awb-spacing-right-small:1.92%;--awb-spacing-left-small:1.92%;\"><div class=\"fusion-column-wrapper fusion-column-has-shadow fusion-flex-justify-content-flex-start fusion-content-layout-column\"><div class=\"fusion-title title fusion-title-2 fusion-sep-none fusion-title-text fusion-title-size-three\" style=\"--awb-text-color:#040d16;--awb-margin-top:12px;--awb-margin-bottom:12px;--awb-font-size:20px;\"><h3 class=\"fusion-title-heading title-heading-left sm-text-align-center\" style=\"font-family:&quot;Manrope&quot;;font-style:normal;font-weight:500;margin:0;font-size:1em;letter-spacing:0.015em;text-transform:var(--awb-typography2-text-transform);line-height:1.4em;\">Descri\u00e7\u00e3o<\/h3><\/div><div class=\"fusion-text fusion-text-1 sm-text-align-center\" style=\"--awb-font-size:18px;--awb-line-height:1.64em;--awb-letter-spacing:0.02em;--awb-text-transform:var(--awb-typography4-text-transform);--awb-text-color:#3c4451;--awb-text-font-family:&quot;Manrope&quot;;--awb-text-font-style:normal;--awb-text-font-weight:400;\"><p class=\"p1\">Algumas crian\u00e7as e jovens podem apresentar um comportamento fora do esperado para a idade e contexto, n\u00e3o por vontade pr\u00f3pria, mas porque n\u00e3o conseguem ter um processamento sensorial eficiente. A incapacidade de processar adequadamente a informa\u00e7\u00e3o sensorial que chega do pr\u00f3prio corpo e do meio ambiente ao c\u00e9rebro pode levar a comportamentos desajustados. Como consequ\u00eancia, surgem dificuldades no sono, evitamento do contacto f\u00edsico, dificuldades no contexto escolar, no relacionamento com os pares e\/ou ainda uma resposta inapropriada \u00e0s sensa\u00e7\u00f5es comuns como o toque, o movimento e\/ou os sons.<\/p>\n<p class=\"p1\">Os terapeutas ocupacionais fazem a sua interven\u00e7\u00e3o adequada \u00e0s necessidades sensoriais espec\u00edficas destas crian\u00e7as contribuindo com o seu conhecimento no trabalho multidisciplinar para melhorar a participa\u00e7\u00e3o e o desempenho ocupacional das crian\u00e7as nas suas variadas \u00e1reas de ocupa\u00e7\u00e3o.<\/p>\n<\/div><\/div><\/div><\/div><\/div><\/div><div class=\"fusion-layout-column fusion_builder_column fusion-builder-column-4 fusion_builder_column_1_1 1_1 fusion-flex-column fusion-column-inner-bg-wrapper\" style=\"--awb-inner-bg-size:cover;--awb-border-color:#dce0e3;--awb-border-bottom:1px;--awb-border-style:dashed;--awb-transform:translateY(0px);--awb-transform-hover:translateY(-12px);--awb-width-large:100%;--awb-margin-top-large:0px;--awb-spacing-right-large:1.92%;--awb-margin-bottom-large:30px;--awb-spacing-left-large:1.92%;--awb-width-medium:100%;--awb-order-medium:0;--awb-spacing-right-medium:1.92%;--awb-spacing-left-medium:1.92%;--awb-width-small:100%;--awb-order-small:0;--awb-spacing-right-small:1.92%;--awb-spacing-left-small:1.92%;\"><span class=\"fusion-column-inner-bg hover-type-none\"><a class=\"fusion-column-anchor\" href=\"#\"><span class=\"fusion-column-inner-bg-image\"><\/span><\/a><\/span><div class=\"fusion-column-wrapper fusion-column-has-shadow fusion-flex-justify-content-flex-start fusion-content-layout-column\"><div class=\"fusion-builder-row fusion-builder-row-inner fusion-row fusion-flex-align-items-center fusion-flex-justify-content-center fusion-flex-content-wrap\" style=\"width:104% !important;max-width:104% !important;margin-left: calc(-4% \/ 2 );margin-right: calc(-4% \/ 2 );\"><div class=\"fusion-layout-column fusion_builder_column_inner fusion-builder-nested-column-2 fusion-flex-column fusion-flex-align-self-stretch\" style=\"--awb-bg-size:cover;--awb-width-large:10%;--awb-margin-top-large:0px;--awb-spacing-right-large:0px;--awb-margin-bottom-large:20px;--awb-spacing-left-large:19.2%;--awb-width-medium:10%;--awb-order-medium:0;--awb-spacing-right-medium:19.2%;--awb-spacing-left-medium:19.2%;--awb-width-small:100%;--awb-order-small:0;--awb-spacing-right-small:1.92%;--awb-spacing-left-small:1.92%;\"><div class=\"fusion-column-wrapper fusion-column-has-shadow fusion-flex-justify-content-flex-start fusion-content-layout-column\"><a class=\"fb-icon-element-2 fb-icon-element fontawesome-icon fa-bullseye fas circle-yes fusion-text-flow fusion-link\" style=\"--awb-iconcolor:#f25534;--awb-iconcolor-hover:#ffffff;--awb-circlecolor:#f5f7f9;--awb-circlecolor-hover:#f5f7f9;--awb-circlebordercolor-hover:var(--awb-color8);--awb-circlebordersize:0px;--awb-font-size:42.24px;--awb-width:84.48px;--awb-height:84.48px;--awb-line-height:84.48px;--awb-border-radius-top-l:24px;--awb-border-radius-top-r:24px;--awb-border-radius-bot-r:24px;--awb-border-radius-bot-l:24px;--awb-margin-right:24px;--awb-sm-align-self:center;\" href=\"#\" aria-label=\"Link to #\" target=\"_self\"><\/a><\/div><\/div><div class=\"fusion-layout-column fusion_builder_column_inner fusion-builder-nested-column-3 fusion_builder_column_inner_3_5 3_5 fusion-flex-column fusion-flex-align-self-stretch\" style=\"--awb-bg-size:cover;--awb-width-large:60%;--awb-margin-top-large:0px;--awb-spacing-right-large:0%;--awb-margin-bottom-large:20px;--awb-spacing-left-large:3.2%;--awb-width-medium:60%;--awb-order-medium:0;--awb-spacing-right-medium:0%;--awb-spacing-left-medium:6.4%;--awb-width-small:100%;--awb-order-small:0;--awb-spacing-right-small:1.92%;--awb-spacing-left-small:1.92%;\"><div class=\"fusion-column-wrapper fusion-column-has-shadow fusion-flex-justify-content-flex-start fusion-content-layout-column\"><div class=\"fusion-title title fusion-title-3 fusion-sep-none fusion-title-text fusion-title-size-three\" style=\"--awb-text-color:#040d16;--awb-margin-top:12px;--awb-margin-bottom:12px;--awb-font-size:20px;\"><h3 class=\"fusion-title-heading title-heading-left sm-text-align-center\" style=\"font-family:&quot;Manrope&quot;;font-style:normal;font-weight:500;margin:0;font-size:1em;letter-spacing:0.015em;text-transform:var(--awb-typography2-text-transform);line-height:1.4em;\">Objectivos<\/h3><\/div><div class=\"fusion-text fusion-text-2 sm-text-align-center\" style=\"--awb-font-size:18px;--awb-line-height:1.64em;--awb-letter-spacing:0.02em;--awb-text-transform:var(--awb-typography4-text-transform);--awb-text-color:#3c4451;--awb-text-font-family:&quot;Manrope&quot;;--awb-text-font-style:normal;--awb-text-font-weight:400;\"><p class=\"p1\">No fim do curso, os participantes ser\u00e3o capazes de:<\/p>\n<p class=\"p1\">&#8211; Identificar as bases te\u00f3ricas que fundamentam a abordagem <i>Ayres Sensory Integration <\/i>(ASI)\u00ae;<\/p>\n<p class=\"p1\">&#8211; Compreender as fun\u00e7\u00f5es dos sistemas sensoriais e as etapas de desenvolvimento sensorial;<\/p>\n<p class=\"p1\">&#8211; Relacionar as Disfun\u00e7\u00f5es de Integra\u00e7\u00e3o Sensorial (DIS) com as dificuldades motoras, percetivas, de comportamento e de aprendizagem, e perceber o seu impacto no dia-a-dia da crian\u00e7a;<\/p>\n<p class=\"p1\">&#8211; Compreender o papel do terapeuta ocupacional qualificado na avalia\u00e7\u00e3o das DIS;<\/p>\n<p class=\"p1\">&#8211; Reconhecer os princ\u00edpios b\u00e1sicos subjacentes \u00e0 abordagem de Integra\u00e7\u00e3o Sensorial na interven\u00e7\u00e3o terap\u00eautica;<\/p>\n<p class=\"p1\">&#8211; Identificar estrat\u00e9gias sensoriais para promover a participa\u00e7\u00e3o e desempenho ocupacional da crian\u00e7a no contexto escolar.<\/p>\n<\/div><\/div><\/div><\/div><\/div><\/div><div class=\"fusion-layout-column fusion_builder_column fusion-builder-column-5 fusion_builder_column_1_1 1_1 fusion-flex-column fusion-column-inner-bg-wrapper\" style=\"--awb-inner-bg-size:cover;--awb-border-color:#dce0e3;--awb-border-bottom:1px;--awb-border-style:dashed;--awb-transform:translateY(0px);--awb-transform-hover:translateY(-12px);--awb-width-large:100%;--awb-margin-top-large:0px;--awb-spacing-right-large:1.92%;--awb-margin-bottom-large:20px;--awb-spacing-left-large:1.92%;--awb-width-medium:100%;--awb-order-medium:0;--awb-spacing-right-medium:1.92%;--awb-spacing-left-medium:1.92%;--awb-width-small:100%;--awb-order-small:0;--awb-spacing-right-small:1.92%;--awb-spacing-left-small:1.92%;\"><span class=\"fusion-column-inner-bg hover-type-none\"><a class=\"fusion-column-anchor\" href=\"#\"><span class=\"fusion-column-inner-bg-image\"><\/span><\/a><\/span><div class=\"fusion-column-wrapper fusion-column-has-shadow fusion-flex-justify-content-flex-start fusion-content-layout-column\"><div class=\"fusion-builder-row fusion-builder-row-inner fusion-row fusion-flex-align-items-center fusion-flex-justify-content-center fusion-flex-content-wrap\" style=\"width:104% !important;max-width:104% !important;margin-left: calc(-4% \/ 2 );margin-right: calc(-4% \/ 2 );\"><div class=\"fusion-layout-column fusion_builder_column_inner fusion-builder-nested-column-4 fusion-flex-column fusion-flex-align-self-stretch\" style=\"--awb-bg-size:cover;--awb-width-large:10%;--awb-margin-top-large:0px;--awb-spacing-right-large:0px;--awb-margin-bottom-large:20px;--awb-spacing-left-large:19.2%;--awb-width-medium:10%;--awb-order-medium:0;--awb-spacing-right-medium:19.2%;--awb-spacing-left-medium:19.2%;--awb-width-small:100%;--awb-order-small:0;--awb-spacing-right-small:1.92%;--awb-spacing-left-small:1.92%;\"><div class=\"fusion-column-wrapper fusion-column-has-shadow fusion-flex-justify-content-flex-start fusion-content-layout-column\"><a class=\"fb-icon-element-3 fb-icon-element fontawesome-icon fa-book-open fas circle-yes fusion-text-flow fusion-link\" style=\"--awb-iconcolor:#f25534;--awb-iconcolor-hover:#ffffff;--awb-circlecolor:#f5f7f9;--awb-circlecolor-hover:#f5f7f9;--awb-circlebordercolor-hover:var(--awb-color8);--awb-circlebordersize:0px;--awb-font-size:42.24px;--awb-width:84.48px;--awb-height:84.48px;--awb-line-height:84.48px;--awb-border-radius-top-l:24px;--awb-border-radius-top-r:24px;--awb-border-radius-bot-r:24px;--awb-border-radius-bot-l:24px;--awb-margin-right:24px;--awb-sm-align-self:center;\" href=\"#\" aria-label=\"Link to #\" target=\"_self\"><\/a><\/div><\/div><div class=\"fusion-layout-column fusion_builder_column_inner fusion-builder-nested-column-5 fusion_builder_column_inner_3_5 3_5 fusion-flex-column fusion-flex-align-self-stretch\" style=\"--awb-bg-size:cover;--awb-width-large:60%;--awb-margin-top-large:0px;--awb-spacing-right-large:0%;--awb-margin-bottom-large:20px;--awb-spacing-left-large:3.2%;--awb-width-medium:60%;--awb-order-medium:0;--awb-spacing-right-medium:0%;--awb-spacing-left-medium:6.4%;--awb-width-small:100%;--awb-order-small:0;--awb-spacing-right-small:1.92%;--awb-spacing-left-small:1.92%;\"><div class=\"fusion-column-wrapper fusion-column-has-shadow fusion-flex-justify-content-flex-start fusion-content-layout-column\"><div class=\"fusion-title title fusion-title-4 fusion-sep-none fusion-title-text fusion-title-size-three\" style=\"--awb-text-color:#040d16;--awb-margin-top:12px;--awb-margin-bottom:12px;--awb-font-size:20px;\"><h3 class=\"fusion-title-heading title-heading-left sm-text-align-center\" style=\"font-family:&quot;Manrope&quot;;font-style:normal;font-weight:500;margin:0;font-size:1em;letter-spacing:0.015em;text-transform:var(--awb-typography2-text-transform);line-height:1.4em;\">Programa<\/h3><\/div><div class=\"fusion-text fusion-text-3 sm-text-align-center\" style=\"--awb-font-size:18px;--awb-line-height:1.64em;--awb-letter-spacing:0.02em;--awb-text-transform:var(--awb-typography4-text-transform);--awb-text-color:#3c4451;--awb-text-font-family:&quot;Manrope&quot;;--awb-text-font-style:normal;--awb-text-font-weight:400;\"><p class=\"p1\"><b>Dia 1<\/b><\/p>\n<p class=\"p1\"><b>Conte\u00fados Program\u00e1ticos<\/b><\/p>\n<p class=\"p1\">Terapia Ocupacional e a abordagem de Integra\u00e7\u00e3o Sensorial<\/p>\n<p class=\"p1\">9:00 &#8211; Introdu\u00e7\u00e3o \u00e0 hist\u00f3ria e perspetiva da Ayres Sensory Integration\u00ae<\/p>\n<p class=\"p1\">9:30 &#8211; Sistemas sensoriais e suas fun\u00e7\u00f5es<\/p>\n<p class=\"p1\">11:00 &#8211; Intervalo<\/p>\n<p class=\"p1\">11:30 &#8211; Exerc\u00edcios Pr\u00e1ticos<\/p>\n<p class=\"p1\">13:00 &#8211; Almo\u00e7o<\/p>\n<p class=\"p1\">14:00 &#8211; Desenvolvimento Sensorial: Intra-uterino e at\u00e9 aos 7 anos<\/p>\n<p class=\"p1\">15:00 &#8211; Intervalo<\/p>\n<p class=\"p1\">15:30 &#8211; Implica\u00e7\u00e3o das altera\u00e7\u00f5es do Processamento Sensorial na rotina di\u00e1ria e na<\/p>\n<p class=\"p1\">aprendizagem: Sinais de alerta<\/p>\n<p class=\"p1\"><b>Dia 2<\/b><\/p>\n<p class=\"p1\">O Processo de Integra\u00e7\u00e3o Sensorial<\/p>\n<p class=\"p1\">9:00 &#8211; Princ\u00edpios B\u00e1sicos da Ayres Sensory Integration\u00ae<\/p>\n<p class=\"p1\">10:30 &#8211; Intervalo<\/p>\n<p class=\"p1\">11:00 &#8211; Reatividade Sensorial, Percep\u00e7\u00e3o e Pr\u00e1xis<\/p>\n<p class=\"p1\">12:00 &#8211; Exerc\u00edcios Pr\u00e1ticos<\/p>\n<p class=\"p1\">13:00 &#8211; Almo\u00e7o<\/p>\n<p class=\"p1\">14:00 &#8211; Avalia\u00e7\u00e3o em Integra\u00e7\u00e3o Sensorial e Racioc\u00ednio Cl\u00ednico<\/p>\n<p class=\"p1\">15:00 &#8211; Intervalo<\/p>\n<p class=\"p1\">15:30 &#8211; Din\u00e2micas de Grupo &#8211; Estrat\u00e9gias sensoriais compensat\u00f3rias para aumentar a<\/p>\n<p class=\"p1\">participa\u00e7\u00e3o e desempenho ocupacional<\/p>\n<p class=\"p1\">16:30 \u2013 Evid\u00eancia Cientifica<\/p>\n<\/div><\/div><\/div><\/div><\/div><\/div><\/div><\/div><\/p>\n","protected":false},"excerpt":{"rendered":"","protected":false},"author":1,"featured_media":0,"parent":0,"menu_order":0,"comment_status":"closed","ping_status":"closed","template":"100-width.php","meta":{"footnotes":""},"class_list":["post-553","page","type-page","status-publish","hentry"],"_links":{"self":[{"href":"https:\/\/7senses.pt\/pt\/wp-json\/wp\/v2\/pages\/553","targetHints":{"allow":["GET"]}}],"collection":[{"href":"https:\/\/7senses.pt\/pt\/wp-json\/wp\/v2\/pages"}],"about":[{"href":"https:\/\/7senses.pt\/pt\/wp-json\/wp\/v2\/types\/page"}],"author":[{"embeddable":true,"href":"https:\/\/7senses.pt\/pt\/wp-json\/wp\/v2\/users\/1"}],"replies":[{"embeddable":true,"href":"https:\/\/7senses.pt\/pt\/wp-json\/wp\/v2\/comments?post=553"}],"version-history":[{"count":17,"href":"https:\/\/7senses.pt\/pt\/wp-json\/wp\/v2\/pages\/553\/revisions"}],"predecessor-version":[{"id":792,"href":"https:\/\/7senses.pt\/pt\/wp-json\/wp\/v2\/pages\/553\/revisions\/792"}],"wp:attachment":[{"href":"https:\/\/7senses.pt\/pt\/wp-json\/wp\/v2\/media?parent=553"}],"curies":[{"name":"wp","href":"https:\/\/api.w.org\/{rel}","templated":true}]}}